{"id":11,"date":"2021-11-12T01:07:54","date_gmt":"2021-11-12T01:07:54","guid":{"rendered":"http:\/\/www.medran.net\/?page_id=11"},"modified":"2021-12-20T15:08:51","modified_gmt":"2021-12-20T21:08:51","slug":"crea-tu-web-con-bloques","status":"publish","type":"page","link":"http:\/\/www.medran.net\/","title":{"rendered":"Inicio"},"content":{"rendered":"\n<h2 class=\"alignwide has-text-align-wide has-gigantic-font-size wp-block-heading\" style=\"line-height:1.1\">Sistemas <strong>Medr\u00e1n<\/strong> <\/h2>\n\n\n\n<p>Mantente al tanto\u2026 vienen nuevos desarrollos<\/p>\n\n\n\n<p>Visita nuestro Blog para darle seguimiento a nuestros desarrollos&#8230;<\/p>\n\n\n\n<h2 class=\"wp-block-heading\">Informaci\u00f3n importante<\/h2>\n\n\n\n<p>Todos los sistemas que no se hayan usado  desde el 1 de noviembre 2021, tendr\u00e1n problemas para la actualizaci\u00f3n. Se recomienda Abrir el programa al menos una ocasi\u00f3n antes del 25 de Diciembre.<\/p>\n","protected":false},"excerpt":{"rendered":"<p>Sistemas Medr\u00e1n Mantente al tanto\u2026 vienen nuevos desarrollos Visita nuestro Blog para darle seguimiento a nuestros desarrollos&#8230; Informaci\u00f3n importante Todos los sistemas que no se hayan usado desde el 1 de noviembre 2021, tendr\u00e1n problemas para la actualizaci\u00f3n. Se recomienda Abrir el programa al menos una ocasi\u00f3n antes del 25 de Diciembre.<\/p>\n","protected":false},"author":1,"featured_media":0,"parent":0,"menu_order":0,"comment_status":"closed","ping_status":"closed","template":"","meta":{"footnotes":""},"class_list":["post-11","page","type-page","status-publish","hentry"],"_links":{"self":[{"href":"http:\/\/www.medran.net\/index.php?rest_route=\/wp\/v2\/pages\/11","targetHints":{"allow":["GET"]}}],"collection":[{"href":"http:\/\/www.medran.net\/index.php?rest_route=\/wp\/v2\/pages"}],"about":[{"href":"http:\/\/www.medran.net\/index.php?rest_route=\/wp\/v2\/types\/page"}],"author":[{"embeddable":true,"href":"http:\/\/www.medran.net\/index.php?rest_route=\/wp\/v2\/users\/1"}],"replies":[{"embeddable":true,"href":"http:\/\/www.medran.net\/index.php?rest_route=%2Fwp%2Fv2%2Fcomments&post=11"}],"version-history":[{"count":4,"href":"http:\/\/www.medran.net\/index.php?rest_route=\/wp\/v2\/pages\/11\/revisions"}],"predecessor-version":[{"id":135,"href":"http:\/\/www.medran.net\/index.php?rest_route=\/wp\/v2\/pages\/11\/revisions\/135"}],"wp:attachment":[{"href":"http:\/\/www.medran.net\/index.php?rest_route=%2Fwp%2Fv2%2Fmedia&parent=11"}],"curies":[{"name":"wp","href":"https:\/\/api.w.org\/{rel}","templated":true}]}}