{"id":13,"date":"2021-11-12T01:07:55","date_gmt":"2021-11-12T01:07:55","guid":{"rendered":"http:\/\/www.medran.net\/?page_id=13"},"modified":"2021-11-12T01:07:55","modified_gmt":"2021-11-12T01:07:55","slug":"contacto","status":"publish","type":"page","link":"http:\/\/www.medran.net\/?page_id=13","title":{"rendered":"Contacto"},"content":{"rendered":"\n<p>Esta es una p\u00e1gina con informaci\u00f3n de contacto b\u00e1sica, como la direcci\u00f3n y el n\u00famero de tel\u00e9fono. Incluso puedes probar un plugin para a\u00f1adir un formulario de contacto.<\/p>\n","protected":false},"excerpt":{"rendered":"<p>Esta es una p\u00e1gina con informaci\u00f3n de contacto b\u00e1sica, como la direcci\u00f3n y el n\u00famero de tel\u00e9fono. Incluso puedes probar un plugin para a\u00f1adir un formulario de contacto.<\/p>\n","protected":false},"author":1,"featured_media":0,"parent":0,"menu_order":0,"comment_status":"closed","ping_status":"closed","template":"","meta":{"footnotes":""},"class_list":["post-13","page","type-page","status-publish","hentry"],"_links":{"self":[{"href":"http:\/\/www.medran.net\/index.php?rest_route=\/wp\/v2\/pages\/13","targetHints":{"allow":["GET"]}}],"collection":[{"href":"http:\/\/www.medran.net\/index.php?rest_route=\/wp\/v2\/pages"}],"about":[{"href":"http:\/\/www.medran.net\/index.php?rest_route=\/wp\/v2\/types\/page"}],"author":[{"embeddable":true,"href":"http:\/\/www.medran.net\/index.php?rest_route=\/wp\/v2\/users\/1"}],"replies":[{"embeddable":true,"href":"http:\/\/www.medran.net\/index.php?rest_route=%2Fwp%2Fv2%2Fcomments&post=13"}],"version-history":[{"count":1,"href":"http:\/\/www.medran.net\/index.php?rest_route=\/wp\/v2\/pages\/13\/revisions"}],"predecessor-version":[{"id":18,"href":"http:\/\/www.medran.net\/index.php?rest_route=\/wp\/v2\/pages\/13\/revisions\/18"}],"wp:attachment":[{"href":"http:\/\/www.medran.net\/index.php?rest_route=%2Fwp%2Fv2%2Fmedia&parent=13"}],"curies":[{"name":"wp","href":"https:\/\/api.w.org\/{rel}","templated":true}]}}